{"id":1702,"date":"2023-03-03T21:05:36","date_gmt":"2023-03-03T21:05:36","guid":{"rendered":"https:\/\/escortiam1.wpenginepowered.com\/nous-contacter\/"},"modified":"2023-11-14T21:09:29","modified_gmt":"2023-11-14T21:09:29","slug":"nous-contacter","status":"publish","type":"page","link":"https:\/\/escortim.com\/fr\/nous-contacter\/","title":{"rendered":"Nous contacter"},"content":{"rendered":"\t<section class=\"breadcrumbs\">\r\n\t\t<div class=\"container\">\r\n\t\t\t<p id=\"breadcrumbs\"><span><span><a href=\"https:\/\/escortim.com\/fr\/\">Escort I`m Directory<\/a><\/span><\/span><\/p>\t\t<\/div>\r\n\t<\/section>\r\n<section class=\"mt-100 mb-100\">\r\n\t<div class=\"container\">\r\n\t\t<div class=\"row justify-content-center\">\r\n\t\t\t<div class=\"col-md-10 text-center\">\r\n\t\t\t\t\t\t\t\t\t<h1 class=\"title-1 mb-30 mb-tablet-20\">Nous contacter<\/h1>\r\n\t\t\t\t\t\t\t\t\t<div class=\"mb-30\">\r\n\t\t\t\t\t\t<p>Nous sommes ravis d&#8217;entrer en contact avec vous. Que vous ayez des demandes de renseignements, des propositions de collaboration ou des id\u00e9es novatrices pour am\u00e9liorer notre plateforme, nous sommes \u00e0 votre \u00e9coute. Votre retour d&#8217;information est inestimable, et vos questions et suggestions sont la force motrice de notre am\u00e9lioration continue. Par ailleurs, si vous avez des questions sur nos mod\u00e8les, sur le processus d&#8217;inscription ou sur tout autre sujet li\u00e9 \u00e0 notre plateforme, notre \u00e9quipe est pr\u00eate \u00e0 y r\u00e9pondre. Nous croyons en une communication transparente pour vous garantir la meilleure exp\u00e9rience possible.<\/p>\n\t\t\t\t\t<\/div>\r\n\t\t\t\t\t\t\t<\/div>\r\n\t\t\t\t\t\t\t<div class=\"col-lg-8 col-md-10\">\r\n\t\t\t\t\t<div class=\"shadow\">\r\n\t\t\t\t\t\t\n<div class=\"wpcf7 no-js\" id=\"wpcf7-f1751-o1\" lang=\"fr-FR\" dir=\"ltr\">\n<div class=\"screen-reader-response\"><p role=\"status\" aria-live=\"polite\" aria-atomic=\"true\"><\/p> <ul><\/ul><\/div>\n<form action=\"\/fr\/wp-json\/wp\/v2\/pages\/1702#wpcf7-f1751-o1\" method=\"post\" class=\"wpcf7-form init\" aria-label=\"Contact form\" novalidate=\"novalidate\" data-status=\"init\">\n<div style=\"display: none;\">\n<input type=\"hidden\" name=\"_wpcf7\" value=\"1751\" \/>\n<input type=\"hidden\" name=\"_wpcf7_version\" value=\"5.9\" \/>\n<input type=\"hidden\" name=\"_wpcf7_locale\" value=\"fr_FR\" \/>\n<input type=\"hidden\" name=\"_wpcf7_unit_tag\" value=\"wpcf7-f1751-o1\" \/>\n<input type=\"hidden\" name=\"_wpcf7_container_post\" value=\"0\" \/>\n<input type=\"hidden\" name=\"_wpcf7_posted_data_hash\" value=\"\" \/>\n<\/div>\n<div class=\"form-padding\">\n\t<div class=\"row\">\n\t\t<div class=\"col-md-6 mb-30 mb-tablet-20\">\n\t\t\t<label class=\"title-2 req mb-14\" for=\"user-name\">Nom<\/label>\n\t\t\t<span class=\"wpcf7-form-control-wrap\" data-name=\"your-name\"><input size=\"40\" class=\"wpcf7-form-control wpcf7-text wpcf7-validates-as-required\" id=\"user-name\" autocomplete=\"name\" aria-required=\"true\" aria-invalid=\"false\" placeholder=\"Votre nom\" value=\"\" type=\"text\" name=\"your-name\" \/><\/span>\n\t\t<\/div>\n\t\t<div class=\"col-md-6 mb-30 mb-tablet-20\">\n\t\t\t<label class=\"title-2 req mb-14\" for=\"user-mail\">Courrier \u00e9lectronique<\/label>\n\t\t\t<span class=\"wpcf7-form-control-wrap\" data-name=\"your-mail\"><input size=\"40\" class=\"wpcf7-form-control wpcf7-email wpcf7-validates-as-required wpcf7-text wpcf7-validates-as-email\" id=\"user-mail\" autocomplete=\"email\" aria-required=\"true\" aria-invalid=\"false\" placeholder=\"Votre e-mail\" value=\"\" type=\"email\" name=\"your-mail\" \/><\/span>\n\t\t<\/div>\n\t\t<div class=\"col-md-12\">\n\t\t\t<label class=\"title-2 req mb-14\" for=\"user-message\">Message<\/label>\n\t\t\t<span class=\"wpcf7-form-control-wrap\" data-name=\"your-message\"><textarea cols=\"40\" rows=\"10\" class=\"wpcf7-form-control wpcf7-textarea\" id=\"user-message\" aria-invalid=\"false\" placeholder=\"N&#039;h\u00e9sitez pas \u00e0 demander ce que vous voulez\" name=\"your-message\"><\/textarea><\/span>\n\t\t<\/div>\n\t<\/div>\n<\/div>\n<input class=\"wpcf7-form-control wpcf7-submit has-spinner title-2\" type=\"submit\" value=\"send message\" \/><div class=\"wpcf7-response-output\" aria-hidden=\"true\"><\/div>\n<\/form>\n<\/div>\n\t\t\t\t\t<\/div>\r\n\t\t\t\t<\/div>\r\n\t\t\t\t\t<\/div>\r\n\t<\/div>\r\n<\/section>","protected":false},"excerpt":{"rendered":"","protected":false},"author":1,"featured_media":0,"parent":0,"menu_order":0,"comment_status":"closed","ping_status":"closed","template":"","meta":{"footnotes":""},"acf":[],"yoast_head":"<!-- This site is optimized with the Yoast SEO plugin v22.5 - https:\/\/yoast.com\/wordpress\/plugins\/seo\/ -->\n<title>Nous contacter - Escort I`m<\/title>\n<meta name=\"robots\" content=\"index, follow, max-snippet:-1, max-image-preview:large, max-video-preview:-1\" \/>\n<link rel=\"canonical\" href=\"https:\/\/escortim.com\/fr\/nous-contacter\/\" \/>\n<meta property=\"og:locale\" content=\"fr_FR\" \/>\n<meta property=\"og:type\" content=\"article\" \/>\n<meta property=\"og:title\" content=\"Nous contacter - Escort I`m\" \/>\n<meta property=\"og:url\" content=\"https:\/\/escortim.com\/fr\/nous-contacter\/\" \/>\n<meta property=\"og:site_name\" content=\"Escort I`m\" \/>\n<meta property=\"article:modified_time\" content=\"2023-11-14T21:09:29+00:00\" \/>\n<meta property=\"og:image\" content=\"https:\/\/escortim.com\/wp-content\/uploads\/Riella-escort-girl-paris6.jpeg\" \/>\n\t<meta property=\"og:image:width\" content=\"600\" \/>\n\t<meta property=\"og:image:height\" content=\"900\" \/>\n\t<meta property=\"og:image:type\" content=\"image\/jpeg\" \/>\n<meta name=\"twitter:card\" content=\"summary_large_image\" \/>\n<script type=\"application\/ld+json\" class=\"yoast-schema-graph\">{\"@context\":\"https:\/\/schema.org\",\"@graph\":[{\"@type\":\"WebPage\",\"@id\":\"https:\/\/escortim.com\/fr\/nous-contacter\/\",\"url\":\"https:\/\/escortim.com\/fr\/nous-contacter\/\",\"name\":\"Nous contacter - Escort I`m\",\"isPartOf\":{\"@id\":\"https:\/\/escortim.com\/fr\/#website\"},\"datePublished\":\"2023-03-03T21:05:36+00:00\",\"dateModified\":\"2023-11-14T21:09:29+00:00\",\"breadcrumb\":{\"@id\":\"https:\/\/escortim.com\/fr\/nous-contacter\/#breadcrumb\"},\"inLanguage\":\"fr-FR\",\"potentialAction\":[{\"@type\":\"ReadAction\",\"target\":[\"https:\/\/escortim.com\/fr\/nous-contacter\/\"]}]},{\"@type\":\"BreadcrumbList\",\"@id\":\"https:\/\/escortim.com\/fr\/nous-contacter\/#breadcrumb\",\"itemListElement\":[{\"@type\":\"ListItem\",\"position\":1,\"name\":\"Escort I`m Directory\",\"item\":\"https:\/\/escortim.com\/fr\/\"},{\"@type\":\"ListItem\",\"position\":2,\"name\":\"Nous contacter\"}]},{\"@type\":\"WebSite\",\"@id\":\"https:\/\/escortim.com\/fr\/#website\",\"url\":\"https:\/\/escortim.com\/fr\/\",\"name\":\"Escort I`m\",\"description\":\"Escort directory\",\"publisher\":{\"@id\":\"https:\/\/escortim.com\/fr\/#organization\"},\"potentialAction\":[{\"@type\":\"SearchAction\",\"target\":{\"@type\":\"EntryPoint\",\"urlTemplate\":\"https:\/\/escortim.com\/fr\/?s={search_term_string}\"},\"query-input\":\"required name=search_term_string\"}],\"inLanguage\":\"fr-FR\"},{\"@type\":\"Organization\",\"@id\":\"https:\/\/escortim.com\/fr\/#organization\",\"name\":\"Escort I'm Directory\",\"alternateName\":\"EscortIAm\",\"url\":\"https:\/\/escortim.com\/fr\/\",\"logo\":{\"@type\":\"ImageObject\",\"inLanguage\":\"fr-FR\",\"@id\":\"https:\/\/escortim.com\/fr\/#\/schema\/logo\/image\/\",\"url\":\"https:\/\/escortim.com\/wp-content\/uploads\/cropped-favicon-escort-i-am.png\",\"contentUrl\":\"https:\/\/escortim.com\/wp-content\/uploads\/cropped-favicon-escort-i-am.png\",\"width\":512,\"height\":512,\"caption\":\"Escort I'm Directory\"},\"image\":{\"@id\":\"https:\/\/escortim.com\/fr\/#\/schema\/logo\/image\/\"}}]}<\/script>\n<!-- \/ Yoast SEO plugin. -->","yoast_head_json":{"title":"Nous contacter - Escort I`m","robots":{"index":"index","follow":"follow","max-snippet":"max-snippet:-1","max-image-preview":"max-image-preview:large","max-video-preview":"max-video-preview:-1"},"canonical":"https:\/\/escortim.com\/fr\/nous-contacter\/","og_locale":"fr_FR","og_type":"article","og_title":"Nous contacter - Escort I`m","og_url":"https:\/\/escortim.com\/fr\/nous-contacter\/","og_site_name":"Escort I`m","article_modified_time":"2023-11-14T21:09:29+00:00","og_image":[{"width":600,"height":900,"url":"https:\/\/escortim.com\/wp-content\/uploads\/Riella-escort-girl-paris6.jpeg","type":"image\/jpeg"}],"twitter_card":"summary_large_image","schema":{"@context":"https:\/\/schema.org","@graph":[{"@type":"WebPage","@id":"https:\/\/escortim.com\/fr\/nous-contacter\/","url":"https:\/\/escortim.com\/fr\/nous-contacter\/","name":"Nous contacter - Escort I`m","isPartOf":{"@id":"https:\/\/escortim.com\/fr\/#website"},"datePublished":"2023-03-03T21:05:36+00:00","dateModified":"2023-11-14T21:09:29+00:00","breadcrumb":{"@id":"https:\/\/escortim.com\/fr\/nous-contacter\/#breadcrumb"},"inLanguage":"fr-FR","potentialAction":[{"@type":"ReadAction","target":["https:\/\/escortim.com\/fr\/nous-contacter\/"]}]},{"@type":"BreadcrumbList","@id":"https:\/\/escortim.com\/fr\/nous-contacter\/#breadcrumb","itemListElement":[{"@type":"ListItem","position":1,"name":"Escort I`m Directory","item":"https:\/\/escortim.com\/fr\/"},{"@type":"ListItem","position":2,"name":"Nous contacter"}]},{"@type":"WebSite","@id":"https:\/\/escortim.com\/fr\/#website","url":"https:\/\/escortim.com\/fr\/","name":"Escort I`m","description":"Escort directory","publisher":{"@id":"https:\/\/escortim.com\/fr\/#organization"},"potentialAction":[{"@type":"SearchAction","target":{"@type":"EntryPoint","urlTemplate":"https:\/\/escortim.com\/fr\/?s={search_term_string}"},"query-input":"required name=search_term_string"}],"inLanguage":"fr-FR"},{"@type":"Organization","@id":"https:\/\/escortim.com\/fr\/#organization","name":"Escort I'm Directory","alternateName":"EscortIAm","url":"https:\/\/escortim.com\/fr\/","logo":{"@type":"ImageObject","inLanguage":"fr-FR","@id":"https:\/\/escortim.com\/fr\/#\/schema\/logo\/image\/","url":"https:\/\/escortim.com\/wp-content\/uploads\/cropped-favicon-escort-i-am.png","contentUrl":"https:\/\/escortim.com\/wp-content\/uploads\/cropped-favicon-escort-i-am.png","width":512,"height":512,"caption":"Escort I'm Directory"},"image":{"@id":"https:\/\/escortim.com\/fr\/#\/schema\/logo\/image\/"}}]}},"_links":{"self":[{"href":"https:\/\/escortim.com\/fr\/wp-json\/wp\/v2\/pages\/1702"}],"collection":[{"href":"https:\/\/escortim.com\/fr\/wp-json\/wp\/v2\/pages"}],"about":[{"href":"https:\/\/escortim.com\/fr\/wp-json\/wp\/v2\/types\/page"}],"author":[{"embeddable":true,"href":"https:\/\/escortim.com\/fr\/wp-json\/wp\/v2\/users\/1"}],"replies":[{"embeddable":true,"href":"https:\/\/escortim.com\/fr\/wp-json\/wp\/v2\/comments?post=1702"}],"version-history":[{"count":0,"href":"https:\/\/escortim.com\/fr\/wp-json\/wp\/v2\/pages\/1702\/revisions"}],"wp:attachment":[{"href":"https:\/\/escortim.com\/fr\/wp-json\/wp\/v2\/media?parent=1702"}],"curies":[{"name":"wp","href":"https:\/\/api.w.org\/{rel}","templated":true}]}}