{"id":1733,"date":"2023-03-13T12:42:42","date_gmt":"2023-03-13T12:42:42","guid":{"rendered":"https:\/\/escortiam1.wpenginepowered.com\/modeles-de-pointe\/"},"modified":"2024-10-11T07:51:12","modified_gmt":"2024-10-11T07:51:12","slug":"escorte-vip","status":"publish","type":"page","link":"https:\/\/escortim.com\/fr\/escorte-vip\/","title":{"rendered":"VIP Escortes"},"content":{"rendered":"\t<section class=\"breadcrumbs\">\r\n\t\t<div class=\"container\">\r\n\t\t\t<p id=\"breadcrumbs\"><span><span><a href=\"https:\/\/escortim.com\/fr\/\">Escort I`m Directory<\/a><\/span><\/span><\/p>\t\t<\/div>\r\n\t<\/section>\r\n\n\n\t<section class=\"mb-100\">\r\n\t\t<div class=\"container\">\r\n\t\t\t\t\t\t\t<h1 class=\"title-1 mb-30 mb-tablet-20\">Escortes VIP Paris<\/h1>\r\n\t\t\t\t\t\t\t<div class=\"mb-50 mb-tablet-30\">\r\n\t\t\t\t\t<p>Venez rencontrer nos escortes VIP Paris qui r\u00e9pondront parfaitement \u00e0 vos r\u00eaves et \u00e0 vos d\u00e9sirs. Ce sont des femmes charmantes dont nous voulons parler plus fort et que nous voulons montrer plus souvent ! Elles sont de v\u00e9ritables conqu\u00e9rantes des c\u0153urs et des tentatrices incroyablement merveilleuses. Mais ce qui distingue les escortes VIP, ce n&#8217;est pas seulement leur beaut\u00e9 physique, c&#8217;est aussi leur capacit\u00e9 \u00e0 donner et \u00e0 recevoir du plaisir.  <br \/>\r\nOui, il y a un peu plus derri\u00e8re les profils marqu\u00e9s Dimond et Gold. Ce sont des filles qui s&#8217;int\u00e9ressent vraiment au d\u00e9veloppement de leurs services, aux nouvelles personnes, aux rencontres et aux \u00e9motions. Alors choisissez une fille et profitez des moments inoubliables que vous passerez ensemble !<\/p>\r\n\t\t\t\t<\/div>\r\n\t\t\t\t\t\t<div class=\"top-models-container\" data-url=\"https:\/\/escortim.com\/wp-admin\/admin-ajax.php\" data-curr=\"https:\/\/escortim.com\/fr\/wp-json\/wp\/v2\/pages\/1733\/\" data-loc=\"\" data-cat=\"\" data-prof=\"\" data-page=\"1\">\r\n\t\t\t\t<div class=\"row mb-40 mb-tablet-30\">\r\n\t\t\t\t\t\r\n\t\t\t<div class=\"col-md-3 mb-mobile-10\">\r\n\t\t\t<div class=\"select select-loc \">\r\n\t\t\t\t<span class=\"select-head\">Localisation<\/span><ul class=\"select-list 3\"><li class=\"select-item 2\" data-val=\"cannes-fr\">Cannes (1)<\/li><li class=\"select-item 2\" data-val=\"nice\">Nice (1)<\/li><li class=\"select-item 2\" data-val=\"escort-a-paris\">Paris (4)<\/li>\t\t\t\t<input type=\"text\" class=\"select-input\" hidden>\r\n\t\t\t<\/div>\r\n\t\t<\/div>\r\n\t\t\t\t<div class=\"col-md-3 mb-mobile-10\">\r\n\t\t\t<div class=\"select select-cat\">\r\n\t\t\t\t<span class=\"select-head\">Cat\u00e9gorie<\/span><ul class=\"select-list\"><li class=\"select-item\" data-val=\"escort-luxe-paris\">Escort de luxe (1)<\/li><li class=\"select-item\" data-val=\"escortes-blondes\">Escortes Blondes (2)<\/li><li class=\"select-item\" data-val=\"escortes-brunes\">Escortes brunes (1)<\/li><li class=\"select-item\" data-val=\"escortes-de-grande-taille\">Escortes de grande taille (1)<\/li><li class=\"select-item\" data-val=\"escort-etudiante-paris\">Escortes \u00e9tudiantes (1)<\/li><li class=\"select-item\" data-val=\"jeunes-escortes\">Jeunes escortes (2)<\/li>\t\t\t\t<input type=\"text\" class=\"select-input\" hidden>\r\n\t\t\t<\/div>\r\n\t\t<\/div>\r\n\t\t\t\t<div class=\"col-md-3 mb-mobile-10\">\r\n\t\t\t<div class=\"select select-prof\">\r\n\t\t\t\t\t<span class=\"select-head\">Type de profil<\/span><ul class=\"select-list\"><li class=\"select-item\" data-val=\"1\">Diamant (1)<\/li><li class=\"select-item\" data-val=\"2\">L&#8217;or (5)<\/li>\t\t\t\t<\/ul>\r\n\t\t\t\t<input type=\"text\" class=\"select-input\" hidden>\r\n\t\t\t<\/div>\r\n\t\t<\/div>\r\n\t\t<div class=\"col-md-3 mb-mobile-10\">\r\n\t\t<div class=\"reset btn\">reset the filter<\/div>\r\n\t<\/div>\t\t\t\t<\/div>\r\n\t\t\t\t<div class=\"top-models-grid\">\r\n\t\t\t\t\t\t\t\t<div class=\"top-model\">\r\n\t\t\t\t\t\t\t\t\t<span class=\"badge icon-diamond\">Diamant<\/span>\r\n\t\t\t\t\t\t\t\t<a href=\"https:\/\/escortim.com\/fr\/model\/teya\/\" class=\"top-photos\">\r\n\t\t\t\t\t\t\t\t\t\t\t\t\t<div class=\"photo1\">\r\n\t\t\t\t\t\t\t\t\t<img decoding=\"async\" src=\"https:\/\/escortim.com\/wp-content\/uploads\/Teya-parises-escorts-girl-1-400x550.jpg\" alt=\"Teya parises escorts girl\" class=\"img-cover\"\/>\r\n\t\t\t\t\t\t\t\t<\/div>\r\n\t\t\t\t\t\t\t\t\t\t\t\t\t\t\t<div class=\"photo2\">\r\n\t\t\t\t\t\t\t\t\t<img decoding=\"async\" src=\"https:\/\/escortim.com\/wp-content\/uploads\/Teya-parises-escorts-girl2-1-400x550.jpg\" alt=\"escort girl Paris 16\" class=\"img-cover\"\/>\r\n\t\t\t\t\t\t\t\t<\/div>\r\n\t\t\t\t\t\t\t\t\t\t\t\t\t\t\t<div class=\"photo3\">\r\n\t\t\t\t\t\t\t\t\t<img decoding=\"async\" src=\"https:\/\/escortim.com\/wp-content\/uploads\/Teya-parises-escorts-girl4-1-400x550.jpg\" alt=\"\" class=\"img-cover\"\/>\r\n\t\t\t\t\t\t\t\t<\/div>\r\n\t\t\t\t\t\t\t\t\t\t\t<\/a>\r\n\t\t\t\t<div class=\"top-info\">\r\n\t\t\t\t\t<a href=\"https:\/\/escortim.com\/fr\/model\/teya\/\" class=\"title-1 top-model-name\">Teya<\/a>\r\n\t\t\t\t\t\t\t\t\t\t\t<a href=\"https:\/\/escortim.com\/city\/escort-paris\/\" class=\"location icon-location mb-20\">\r\n\t\t\t\t\t\t\tParis<\/a>\r\n\t\t\t\t\t\t\t\t\t\t\t<p class=\"mb-20\">Je suis de nature douce et sensationnellement sexy, cette fille \u00e9nergique&#8230;<\/p>\r\n\t\t\t\t\t\t\t\t\t\t\t\t\t<div class=\"features-links\">\r\n\t\t\t\t\t\t\t\t\t\t\t\t\t\t\t\t\t\t\t\t<a href=\"https:\/\/escortim.com\/categories\/blonde-escorts\/\">Blonde Escorts, <\/a>\r\n\t\t\t\t\t\t\t\t\t\t\t\t\t\t\t\t\t\t\t\t\t<a href=\"https:\/\/escortim.com\/categories\/tall-escorts\/\">Tall Escorts, <\/a>\r\n\t\t\t\t\t\t\t\t\t\t\t\t\t\t\t\t\t\t\t\t\t<a href=\"https:\/\/escortim.com\/categories\/young-escorts\/\">Young Escorts<\/a>\r\n\t\t\t\t\t\t\t\t\t\t\t\t\t\t\t\t\t\t<\/div>\r\n\t\t\t\t\t\t\t\t\t\t\t<\/div>\r\n\t\t\t\t<a href=\"https:\/\/escortim.com\/fr\/model\/teya\/\" class=\"btn\">voir mon profil<\/a>\r\n\t\t\t<\/div>\r\n\t\t\t\t\t<div class=\"top-model\">\r\n\t\t\t\t\t\t\t\t\t<span class=\"badge icon-gold\">L&#8217;or<\/span>\r\n\t\t\t\t\t\t\t\t<a href=\"https:\/\/escortim.com\/fr\/model\/aurora\/\" class=\"top-photos\">\r\n\t\t\t\t\t\t\t\t\t\t\t\t\t<div class=\"photo1\">\r\n\t\t\t\t\t\t\t\t\t<img decoding=\"async\" src=\"https:\/\/escortim.com\/wp-content\/uploads\/photos\/8955\/69945aa15e922_IMG_0320-400x550.jpeg\" alt=\"\" class=\"img-cover\"\/>\r\n\t\t\t\t\t\t\t\t<\/div>\r\n\t\t\t\t\t\t\t\t\t\t\t\t\t\t\t<div class=\"photo2\">\r\n\t\t\t\t\t\t\t\t\t<img decoding=\"async\" src=\"https:\/\/escortim.com\/wp-content\/uploads\/photos\/8955\/69945aa1f40e4_IMG_0321-400x550.jpeg\" alt=\"\" class=\"img-cover\"\/>\r\n\t\t\t\t\t\t\t\t<\/div>\r\n\t\t\t\t\t\t\t\t\t\t\t\t\t\t\t<div class=\"photo3\">\r\n\t\t\t\t\t\t\t\t\t<img decoding=\"async\" src=\"https:\/\/escortim.com\/wp-content\/uploads\/photos\/8955\/69945aa24fb5a_IMG_0322-400x550.jpeg\" alt=\"\" class=\"img-cover\"\/>\r\n\t\t\t\t\t\t\t\t<\/div>\r\n\t\t\t\t\t\t\t\t\t\t\t<\/a>\r\n\t\t\t\t<div class=\"top-info\">\r\n\t\t\t\t\t<a href=\"https:\/\/escortim.com\/fr\/model\/aurora\/\" class=\"title-1 top-model-name\">Aurora<\/a>\r\n\t\t\t\t\t\t\t\t\t\t\t<a href=\"https:\/\/escortim.com\/fr\/city\/nice\/\" class=\"location icon-location mb-20\">\r\n\t\t\t\t\t\t\tNice<\/a>\r\n\t\t\t\t\t\t\t\t\t\t\t<p class=\"mb-20\">Bonjour, cher inconnu myst\u00e9rieux \ud83d\ude09 Je m\u2019appelle Diana \u2014 passionn\u00e9e, \u00e9l\u00e9gante&#8230;<\/p>\r\n\t\t\t\t\t\t\t\t\t<\/div>\r\n\t\t\t\t<a href=\"https:\/\/escortim.com\/fr\/model\/aurora\/\" class=\"btn\">voir mon profil<\/a>\r\n\t\t\t<\/div>\r\n\t\t\t\t\t<div class=\"top-model\">\r\n\t\t\t\t\t\t\t\t\t<span class=\"badge icon-gold\">L&#8217;or<\/span>\r\n\t\t\t\t\t\t\t\t<a href=\"https:\/\/escortim.com\/fr\/model\/douceeme\/\" class=\"top-photos\">\r\n\t\t\t\t\t\t\t\t\t\t\t\t\t<div class=\"photo1\">\r\n\t\t\t\t\t\t\t\t\t<img decoding=\"async\" src=\"https:\/\/escortim.com\/wp-content\/uploads\/photos\/8273\/6974be40ab457_image-3-400x550.jpg\" alt=\"\" class=\"img-cover\"\/>\r\n\t\t\t\t\t\t\t\t<\/div>\r\n\t\t\t\t\t\t\t\t\t\t\t\t\t\t\t<div class=\"photo2\">\r\n\t\t\t\t\t\t\t\t\t<img decoding=\"async\" src=\"https:\/\/escortim.com\/wp-content\/uploads\/photos\/8273\/6974be4123c55_grok_image_1769256698961-400x550.jpg\" alt=\"\" class=\"img-cover\"\/>\r\n\t\t\t\t\t\t\t\t<\/div>\r\n\t\t\t\t\t\t\t\t\t\t\t\t\t\t\t<div class=\"photo3\">\r\n\t\t\t\t\t\t\t\t\t<img decoding=\"async\" src=\"https:\/\/escortim.com\/wp-content\/uploads\/photos\/8273\/6974be414dff3_FD2dvjZXoAQ6rEX-1-400x550.jpg\" alt=\"\" class=\"img-cover\"\/>\r\n\t\t\t\t\t\t\t\t<\/div>\r\n\t\t\t\t\t\t\t\t\t\t\t<\/a>\r\n\t\t\t\t<div class=\"top-info\">\r\n\t\t\t\t\t<a href=\"https:\/\/escortim.com\/fr\/model\/douceeme\/\" class=\"title-1 top-model-name\">DouceEme<\/a>\r\n\t\t\t\t\t\t\t\t\t\t\t<a href=\"https:\/\/escortim.com\/fr\/city\/escort-a-paris\/\" class=\"location icon-location mb-20\">\r\n\t\t\t\t\t\t\tParis<\/a>\r\n\t\t\t\t\t\t\t\t\t\t\t<p class=\"mb-20\">My name is Emeline. I am a respectful, sexy \u201csquirter\u201d and&#8230;<\/p>\r\n\t\t\t\t\t\t\t\t\t<\/div>\r\n\t\t\t\t<a href=\"https:\/\/escortim.com\/fr\/model\/douceeme\/\" class=\"btn\">voir mon profil<\/a>\r\n\t\t\t<\/div>\r\n\t\t\t\t\t<div class=\"top-model\">\r\n\t\t\t\t\t\t\t\t\t<span class=\"badge icon-gold\">L&#8217;or<\/span>\r\n\t\t\t\t\t\t\t\t<a href=\"https:\/\/escortim.com\/fr\/model\/bella\/\" class=\"top-photos\">\r\n\t\t\t\t\t\t\t\t\t\t\t\t\t<div class=\"photo1\">\r\n\t\t\t\t\t\t\t\t\t<img decoding=\"async\" src=\"https:\/\/escortim.com\/wp-content\/uploads\/bella-paris-escort-girl-400x550.jpg\" alt=\"bella paris escort girl\" class=\"img-cover\"\/>\r\n\t\t\t\t\t\t\t\t<\/div>\r\n\t\t\t\t\t\t\t\t\t\t\t\t\t\t\t<div class=\"photo2\">\r\n\t\t\t\t\t\t\t\t\t<img decoding=\"async\" src=\"https:\/\/escortim.com\/wp-content\/uploads\/bella-escort-girl-paris4-1-400x550.jpg\" alt=\"\" class=\"img-cover\"\/>\r\n\t\t\t\t\t\t\t\t<\/div>\r\n\t\t\t\t\t\t\t\t\t\t\t\t\t\t\t<div class=\"photo3\">\r\n\t\t\t\t\t\t\t\t\t<img decoding=\"async\" src=\"https:\/\/escortim.com\/wp-content\/uploads\/bella-paris-escort-girl2-400x550.jpg\" alt=\"\" class=\"img-cover\"\/>\r\n\t\t\t\t\t\t\t\t<\/div>\r\n\t\t\t\t\t\t\t\t\t\t\t<\/a>\r\n\t\t\t\t<div class=\"top-info\">\r\n\t\t\t\t\t<a href=\"https:\/\/escortim.com\/fr\/model\/bella\/\" class=\"title-1 top-model-name\">Bella<\/a>\r\n\t\t\t\t\t\t\t\t\t\t\t<a href=\"https:\/\/escortim.com\/city\/escort-paris\/\" class=\"location icon-location mb-20\">\r\n\t\t\t\t\t\t\tParis<\/a>\r\n\t\t\t\t\t\t\t\t\t\t\t<p class=\"mb-20\">Je suis une fille sexy enti\u00e8rement naturelle avec un corps pulpeux&#8230;<\/p>\r\n\t\t\t\t\t\t\t\t\t\t\t\t\t<div class=\"features-links\">\r\n\t\t\t\t\t\t\t\t\t\t\t\t\t\t\t\t\t\t\t\t<a href=\"https:\/\/escortim.com\/categories\/brunette-escorts\/\">Brunette Escorts, <\/a>\r\n\t\t\t\t\t\t\t\t\t\t\t\t\t\t\t\t\t\t\t\t\t<a href=\"https:\/\/escortim.com\/categories\/young-escorts\/\">Young Escorts<\/a>\r\n\t\t\t\t\t\t\t\t\t\t\t\t\t\t\t\t\t\t<\/div>\r\n\t\t\t\t\t\t\t\t\t\t\t<\/div>\r\n\t\t\t\t<a href=\"https:\/\/escortim.com\/fr\/model\/bella\/\" class=\"btn\">voir mon profil<\/a>\r\n\t\t\t<\/div>\r\n\t\t\t\t\t<div class=\"top-model\">\r\n\t\t\t\t\t\t\t\t\t<span class=\"badge icon-gold\">L&#8217;or<\/span>\r\n\t\t\t\t\t\t\t\t<a href=\"https:\/\/escortim.com\/fr\/model\/ella\/\" class=\"top-photos\">\r\n\t\t\t\t\t\t\t\t\t\t\t\t\t<div class=\"photo1\">\r\n\t\t\t\t\t\t\t\t\t<img decoding=\"async\" src=\"https:\/\/escortim.com\/wp-content\/uploads\/ella-paris-escort-girl-400x550.jpg\" alt=\"ella paris escort girl\" class=\"img-cover\"\/>\r\n\t\t\t\t\t\t\t\t<\/div>\r\n\t\t\t\t\t\t\t\t\t\t\t\t\t\t\t<div class=\"photo2\">\r\n\t\t\t\t\t\t\t\t\t<img decoding=\"async\" src=\"https:\/\/escortim.com\/wp-content\/uploads\/ella-paris-escort-girl4-400x550.jpg\" alt=\"\" class=\"img-cover\"\/>\r\n\t\t\t\t\t\t\t\t<\/div>\r\n\t\t\t\t\t\t\t\t\t\t\t\t\t\t\t<div class=\"photo3\">\r\n\t\t\t\t\t\t\t\t\t<img decoding=\"async\" src=\"https:\/\/escortim.com\/wp-content\/uploads\/ella-paris-escort-girl3-400x550.jpg\" alt=\"\" class=\"img-cover\"\/>\r\n\t\t\t\t\t\t\t\t<\/div>\r\n\t\t\t\t\t\t\t\t\t\t\t<\/a>\r\n\t\t\t\t<div class=\"top-info\">\r\n\t\t\t\t\t<a href=\"https:\/\/escortim.com\/fr\/model\/ella\/\" class=\"title-1 top-model-name\">Ella<\/a>\r\n\t\t\t\t\t\t\t\t\t\t\t<a href=\"https:\/\/escortim.com\/city\/escort-paris\/\" class=\"location icon-location mb-20\">\r\n\t\t\t\t\t\t\tParis<\/a>\r\n\t\t\t\t\t\t\t\t\t\t\t<p class=\"mb-20\">Ma beaut\u00e9 est \u00e9galement assortie d&#8217;une intelligence, d&#8217;une personnalit\u00e9, d&#8217;un charme&#8230;<\/p>\r\n\t\t\t\t\t\t\t\t\t\t\t\t\t<div class=\"features-links\">\r\n\t\t\t\t\t\t\t\t\t\t\t\t\t\t\t\t\t\t\t\t<a href=\"https:\/\/escortim.com\/categories\/blonde-escorts\/\">Blonde Escorts<\/a>\r\n\t\t\t\t\t\t\t\t\t\t\t\t\t\t\t\t\t\t<\/div>\r\n\t\t\t\t\t\t\t\t\t\t\t<\/div>\r\n\t\t\t\t<a href=\"https:\/\/escortim.com\/fr\/model\/ella\/\" class=\"btn\">voir mon profil<\/a>\r\n\t\t\t<\/div>\r\n\t\t\t\t\t<div class=\"top-model\">\r\n\t\t\t\t\t\t\t\t\t<span class=\"badge icon-gold\">L&#8217;or<\/span>\r\n\t\t\t\t\t\t\t\t<a href=\"https:\/\/escortim.com\/fr\/model\/bonbons\/\" class=\"top-photos\">\r\n\t\t\t\t\t\t\t\t\t\t\t\t\t<div class=\"photo1\">\r\n\t\t\t\t\t\t\t\t\t<img decoding=\"async\" src=\"https:\/\/escortim.com\/wp-content\/uploads\/bonbons-parises-escorts-girl-400x550.jpg\" alt=\"bonbons parises escorts girl\" class=\"img-cover\"\/>\r\n\t\t\t\t\t\t\t\t<\/div>\r\n\t\t\t\t\t\t\t\t\t\t\t\t\t\t\t<div class=\"photo2\">\r\n\t\t\t\t\t\t\t\t\t<img decoding=\"async\" src=\"https:\/\/escortim.com\/wp-content\/uploads\/bonbons-parises-escorts-girl2-400x550.jpg\" alt=\"\" class=\"img-cover\"\/>\r\n\t\t\t\t\t\t\t\t<\/div>\r\n\t\t\t\t\t\t\t\t\t\t\t\t\t\t\t<div class=\"photo3\">\r\n\t\t\t\t\t\t\t\t\t<img decoding=\"async\" src=\"https:\/\/escortim.com\/wp-content\/uploads\/bonbons-parises-escorts-girl3-400x550.jpg\" alt=\"\" class=\"img-cover\"\/>\r\n\t\t\t\t\t\t\t\t<\/div>\r\n\t\t\t\t\t\t\t\t\t\t\t<\/a>\r\n\t\t\t\t<div class=\"top-info\">\r\n\t\t\t\t\t<a href=\"https:\/\/escortim.com\/fr\/model\/bonbons\/\" class=\"title-1 top-model-name\">Bonbons<\/a>\r\n\t\t\t\t\t\t\t\t\t\t\t<a href=\"https:\/\/escortim.com\/fr\/city\/cannes\/\" class=\"location icon-location mb-20\">\r\n\t\t\t\t\t\t\tCannes<\/a>\r\n\t\t\t\t\t\t\t\t\t<\/div>\r\n\t\t\t\t<a href=\"https:\/\/escortim.com\/fr\/model\/bonbons\/\" class=\"btn\">voir mon profil<\/a>\r\n\t\t\t<\/div>\r\n\t\t\t\t\t\t<\/div>\r\n\t\t\t<\/div>\r\n\t\t<\/div>\r\n\t<\/section>\r\n","protected":false},"excerpt":{"rendered":"","protected":false},"author":1,"featured_media":0,"parent":0,"menu_order":0,"comment_status":"closed","ping_status":"closed","template":"","meta":{"footnotes":""},"acf":[],"yoast_head":"<!-- This site is optimized with the Yoast SEO plugin v22.5 - https:\/\/yoast.com\/wordpress\/plugins\/seo\/ -->\n<title>Escortes VIP Paris et de toute la France - Escort I`m<\/title>\n<meta name=\"description\" content=\"Toutes les escortes VIP Paris un seul annuaire. Profitez de votre TOP site escorte ou cr\u00e9ez une escorte girl VIP profil.\" \/>\n<meta name=\"robots\" content=\"index, follow, max-snippet:-1, max-image-preview:large, max-video-preview:-1\" \/>\n<link rel=\"canonical\" href=\"https:\/\/escortim.com\/fr\/escorte-vip\/\" \/>\n<meta property=\"og:locale\" content=\"fr_FR\" \/>\n<meta property=\"og:type\" content=\"article\" \/>\n<meta property=\"og:title\" content=\"Escortes VIP Paris et de toute la France - Escort I`m\" \/>\n<meta property=\"og:description\" content=\"Toutes les escortes VIP Paris un seul annuaire. Profitez de votre TOP site escorte ou cr\u00e9ez une escorte girl VIP profil.\" \/>\n<meta property=\"og:url\" content=\"https:\/\/escortim.com\/fr\/escorte-vip\/\" \/>\n<meta property=\"og:site_name\" content=\"Escort I`m\" \/>\n<meta property=\"article:modified_time\" content=\"2024-10-11T07:51:12+00:00\" \/>\n<meta property=\"og:image\" content=\"https:\/\/escortim.com\/wp-content\/uploads\/Riella-escort-girl-paris6.jpeg\" \/>\n\t<meta property=\"og:image:width\" content=\"600\" \/>\n\t<meta property=\"og:image:height\" content=\"900\" \/>\n\t<meta property=\"og:image:type\" content=\"image\/jpeg\" \/>\n<meta name=\"twitter:card\" content=\"summary_large_image\" \/>\n<script type=\"application\/ld+json\" class=\"yoast-schema-graph\">{\"@context\":\"https:\/\/schema.org\",\"@graph\":[{\"@type\":\"WebPage\",\"@id\":\"https:\/\/escortim.com\/fr\/escorte-vip\/\",\"url\":\"https:\/\/escortim.com\/fr\/escorte-vip\/\",\"name\":\"Escortes VIP Paris et de toute la France - Escort I`m\",\"isPartOf\":{\"@id\":\"https:\/\/escortim.com\/fr\/#website\"},\"datePublished\":\"2023-03-13T12:42:42+00:00\",\"dateModified\":\"2024-10-11T07:51:12+00:00\",\"description\":\"Toutes les escortes VIP Paris un seul annuaire. Profitez de votre TOP site escorte ou cr\u00e9ez une escorte girl VIP profil.\",\"breadcrumb\":{\"@id\":\"https:\/\/escortim.com\/fr\/escorte-vip\/#breadcrumb\"},\"inLanguage\":\"fr-FR\",\"potentialAction\":[{\"@type\":\"ReadAction\",\"target\":[\"https:\/\/escortim.com\/fr\/escorte-vip\/\"]}]},{\"@type\":\"BreadcrumbList\",\"@id\":\"https:\/\/escortim.com\/fr\/escorte-vip\/#breadcrumb\",\"itemListElement\":[{\"@type\":\"ListItem\",\"position\":1,\"name\":\"Escort I`m Directory\",\"item\":\"https:\/\/escortim.com\/fr\/\"},{\"@type\":\"ListItem\",\"position\":2,\"name\":\"VIP Escortes\"}]},{\"@type\":\"WebSite\",\"@id\":\"https:\/\/escortim.com\/fr\/#website\",\"url\":\"https:\/\/escortim.com\/fr\/\",\"name\":\"Escort I`m\",\"description\":\"Escort directory\",\"publisher\":{\"@id\":\"https:\/\/escortim.com\/fr\/#organization\"},\"potentialAction\":[{\"@type\":\"SearchAction\",\"target\":{\"@type\":\"EntryPoint\",\"urlTemplate\":\"https:\/\/escortim.com\/fr\/?s={search_term_string}\"},\"query-input\":\"required name=search_term_string\"}],\"inLanguage\":\"fr-FR\"},{\"@type\":\"Organization\",\"@id\":\"https:\/\/escortim.com\/fr\/#organization\",\"name\":\"Escort I'm Directory\",\"alternateName\":\"EscortIAm\",\"url\":\"https:\/\/escortim.com\/fr\/\",\"logo\":{\"@type\":\"ImageObject\",\"inLanguage\":\"fr-FR\",\"@id\":\"https:\/\/escortim.com\/fr\/#\/schema\/logo\/image\/\",\"url\":\"https:\/\/escortim.com\/wp-content\/uploads\/cropped-favicon-escort-i-am.png\",\"contentUrl\":\"https:\/\/escortim.com\/wp-content\/uploads\/cropped-favicon-escort-i-am.png\",\"width\":512,\"height\":512,\"caption\":\"Escort I'm Directory\"},\"image\":{\"@id\":\"https:\/\/escortim.com\/fr\/#\/schema\/logo\/image\/\"}}]}<\/script>\n<!-- \/ Yoast SEO plugin. -->","yoast_head_json":{"title":"Escortes VIP Paris et de toute la France - Escort I`m","description":"Toutes les escortes VIP Paris un seul annuaire. Profitez de votre TOP site escorte ou cr\u00e9ez une escorte girl VIP profil.","robots":{"index":"index","follow":"follow","max-snippet":"max-snippet:-1","max-image-preview":"max-image-preview:large","max-video-preview":"max-video-preview:-1"},"canonical":"https:\/\/escortim.com\/fr\/escorte-vip\/","og_locale":"fr_FR","og_type":"article","og_title":"Escortes VIP Paris et de toute la France - Escort I`m","og_description":"Toutes les escortes VIP Paris un seul annuaire. Profitez de votre TOP site escorte ou cr\u00e9ez une escorte girl VIP profil.","og_url":"https:\/\/escortim.com\/fr\/escorte-vip\/","og_site_name":"Escort I`m","article_modified_time":"2024-10-11T07:51:12+00:00","og_image":[{"width":600,"height":900,"url":"https:\/\/escortim.com\/wp-content\/uploads\/Riella-escort-girl-paris6.jpeg","type":"image\/jpeg"}],"twitter_card":"summary_large_image","schema":{"@context":"https:\/\/schema.org","@graph":[{"@type":"WebPage","@id":"https:\/\/escortim.com\/fr\/escorte-vip\/","url":"https:\/\/escortim.com\/fr\/escorte-vip\/","name":"Escortes VIP Paris et de toute la France - Escort I`m","isPartOf":{"@id":"https:\/\/escortim.com\/fr\/#website"},"datePublished":"2023-03-13T12:42:42+00:00","dateModified":"2024-10-11T07:51:12+00:00","description":"Toutes les escortes VIP Paris un seul annuaire. Profitez de votre TOP site escorte ou cr\u00e9ez une escorte girl VIP profil.","breadcrumb":{"@id":"https:\/\/escortim.com\/fr\/escorte-vip\/#breadcrumb"},"inLanguage":"fr-FR","potentialAction":[{"@type":"ReadAction","target":["https:\/\/escortim.com\/fr\/escorte-vip\/"]}]},{"@type":"BreadcrumbList","@id":"https:\/\/escortim.com\/fr\/escorte-vip\/#breadcrumb","itemListElement":[{"@type":"ListItem","position":1,"name":"Escort I`m Directory","item":"https:\/\/escortim.com\/fr\/"},{"@type":"ListItem","position":2,"name":"VIP Escortes"}]},{"@type":"WebSite","@id":"https:\/\/escortim.com\/fr\/#website","url":"https:\/\/escortim.com\/fr\/","name":"Escort I`m","description":"Escort directory","publisher":{"@id":"https:\/\/escortim.com\/fr\/#organization"},"potentialAction":[{"@type":"SearchAction","target":{"@type":"EntryPoint","urlTemplate":"https:\/\/escortim.com\/fr\/?s={search_term_string}"},"query-input":"required name=search_term_string"}],"inLanguage":"fr-FR"},{"@type":"Organization","@id":"https:\/\/escortim.com\/fr\/#organization","name":"Escort I'm Directory","alternateName":"EscortIAm","url":"https:\/\/escortim.com\/fr\/","logo":{"@type":"ImageObject","inLanguage":"fr-FR","@id":"https:\/\/escortim.com\/fr\/#\/schema\/logo\/image\/","url":"https:\/\/escortim.com\/wp-content\/uploads\/cropped-favicon-escort-i-am.png","contentUrl":"https:\/\/escortim.com\/wp-content\/uploads\/cropped-favicon-escort-i-am.png","width":512,"height":512,"caption":"Escort I'm Directory"},"image":{"@id":"https:\/\/escortim.com\/fr\/#\/schema\/logo\/image\/"}}]}},"_links":{"self":[{"href":"https:\/\/escortim.com\/fr\/wp-json\/wp\/v2\/pages\/1733"}],"collection":[{"href":"https:\/\/escortim.com\/fr\/wp-json\/wp\/v2\/pages"}],"about":[{"href":"https:\/\/escortim.com\/fr\/wp-json\/wp\/v2\/types\/page"}],"author":[{"embeddable":true,"href":"https:\/\/escortim.com\/fr\/wp-json\/wp\/v2\/users\/1"}],"replies":[{"embeddable":true,"href":"https:\/\/escortim.com\/fr\/wp-json\/wp\/v2\/comments?post=1733"}],"version-history":[{"count":0,"href":"https:\/\/escortim.com\/fr\/wp-json\/wp\/v2\/pages\/1733\/revisions"}],"wp:attachment":[{"href":"https:\/\/escortim.com\/fr\/wp-json\/wp\/v2\/media?parent=1733"}],"curies":[{"name":"wp","href":"https:\/\/api.w.org\/{rel}","templated":true}]}}